{"id":7999,"date":"2025-09-12T10:43:12","date_gmt":"2025-09-12T10:43:12","guid":{"rendered":"https:\/\/kinofest.gr\/?page_id=7999"},"modified":"2025-09-18T13:03:02","modified_gmt":"2025-09-18T13:03:02","slug":"short-export-2025","status":"publish","type":"page","link":"https:\/\/kinofest.gr\/de\/short-export-2025\/","title":{"rendered":"6 Short Export 2025"},"content":{"rendered":"<div class=\"mkdf-row-grid-section-wrapper mkdf-content-aligment-center\"  ><div class=\"mkdf-row-grid-section\"><div class=\"vc_row wpb_row vc_row-fluid vc_custom_1526382544644\" ><div class=\"wpb_column vc_column_container vc_col-sm-12 vc_col-lg-offset-0 vc_col-lg-12\"><div class=\"vc_column-inner\"><div class=\"wpb_wrapper\">\n\t<div  class=\"wpb_single_image wpb_content_element vc_align_left\">\n\t\t\n\t\t<figure class=\"wpb_wrapper vc_figure\">\n\t\t\t<div class=\"vc_single_image-wrapper   vc_box_border_grey\"><img loading=\"lazy\" decoding=\"async\" width=\"2045\" height=\"1152\" src=\"https:\/\/kinofest.gr\/wp-content\/uploads\/2025\/09\/SE25_2048x1152_1-min.jpg\" class=\"vc_single_image-img attachment-full\" alt=\"\" srcset=\"https:\/\/kinofest.gr\/wp-content\/uploads\/2025\/09\/SE25_2048x1152_1-min.jpg 2045w, https:\/\/kinofest.gr\/wp-content\/uploads\/2025\/09\/SE25_2048x1152_1-min-300x169.jpg 300w, https:\/\/kinofest.gr\/wp-content\/uploads\/2025\/09\/SE25_2048x1152_1-min-1024x577.jpg 1024w, https:\/\/kinofest.gr\/wp-content\/uploads\/2025\/09\/SE25_2048x1152_1-min-768x433.jpg 768w, https:\/\/kinofest.gr\/wp-content\/uploads\/2025\/09\/SE25_2048x1152_1-min-1536x865.jpg 1536w, https:\/\/kinofest.gr\/wp-content\/uploads\/2025\/09\/SE25_2048x1152_1-min-18x10.jpg 18w\" sizes=\"auto, (max-width: 2045px) 100vw, 2045px\" \/><\/div>\n\t\t<\/figure>\n\t<\/div>\n<div class=\"vc_empty_space\"   style=\"height: 32px\"><span class=\"vc_empty_space_inner\"><\/span><\/div><div class=\"mkdf-section-title-holder  mkdf-st-standard mkdf-st-title-left mkdf-st-normal-space\" >\n\t<div class=\"mkdf-st-inner\">\n\t\t\t\t\t<h2 class=\"mkdf-st-title\" >\n\t\t\t\tShort Export 2025\t\t\t<\/h2>\n\t\t\t\t\t<\/div>\n<\/div><div class=\"vc_empty_space\"   style=\"height: 32px\"><span class=\"vc_empty_space_inner\"><\/span><\/div>\n\t<div class=\"wpb_text_column wpb_content_element\" >\n\t\t<div class=\"wpb_wrapper\">\n\t\t\t<p>SHORT EXPORT &#8211; MADE IN GERMANY 2025 wird 20 Jahre alt \u2013 zwei Jahrzehnte voller au\u00dfergew\u00f6hnlicher Einblicke in die facettenreiche Welt des deutschen Kurzfilms! Das diesj\u00e4hrige Programm beleuchtet ein breites Spektrum an Themen und formalen Ausdrucksformen: Es geht um das Spannungsfeld zwischen Freiheit und Verantwortung, um gesellschaftliche Normen und pers\u00f6nliche Grenzen sowie um die Kraft der Ver\u00e4nderung. Die sechs sorgf\u00e4ltig ausgew\u00e4hlten Filme \u2013 aus \u00fcber 440 Einsendungen beim Internationalen Kurzfilmfestival Clermont-Ferrand \u2013 erz\u00e4hlen uns von den Erfahrungen junger Mutterschaft und zeigen uns skurrile und nachdenkliche Momente aus der Perspektive eines Google Street View-Autos. Dabei erkunden die Filme die politische und emotionale Bedeutung von Heimat und spannen den Bogen von der Aufbruchseuphorie der 1990er Jahre bis zu den Zw\u00e4ngen moderner B\u00fcrokratie. Humorvoll, nachdenklich und innovativ zugleich zeigt das Programm die ganze Bandbreite des k\u00fcnstlerischen und gesellschaftlichen Diskurses im deutschen Kurzfilmschaffen.<\/p>\n\n\t\t<\/div>\n\t<\/div>\n<div class=\"vc_empty_space\"   style=\"height: 32px\"><span class=\"vc_empty_space_inner\"><\/span><\/div><div class=\"mkdf-show-list-holder mkdf-sl-gallery  mkdf-normal-space mkdf-sl-two-columns mkdf-sl-pag-no-pagination\"  data-type=\"gallery\" data-number-of-columns=\"2\" data-space-between-items=\"normal\" data-number-of-items=\"-1\" data-category=\"6o-kinofest-short-export-2025\" data-title-tag=\"h5\" data-image-proportions=\"landscape\" data-enable-fixed-proportions=\"no\" data-orderby=\"date\" data-order=\"ASC\" data-show-single-layout=\"info-bellow\" data-show-slider=\"no\" data-slider-navigation=\"no\" data-slider-pagination=\"no\" data-pagination-type=\"no-pagination\" data-slider-autoplay=\"no\" data-max-num-pages=\"0\" data-next-page=\"2\">\n\t<div class=\"mkdf-sl-inner mkdf-outer-space\" data-number-of-items=\"2\" data-enable-navigation=\"no\" data-enable-pagination=\"no\" data-enable-autoplay=\"no\">\n\t\t\n<div class=\"mkdf-show mkdf-item-space  post-7962 show-item type-show-item status-publish has-post-thumbnail hentry show-category-6o-kinofest-short-export-2025 info-bellow\">\n\t<div class=\"mkdf-show-inner\">\n\t\t\t\t\t<div class=\"mkdf-show-image\">\n\t\t\t\t<a itemprop=\"url\" href=\"https:\/\/kinofest.gr\/de\/show-item\/nine-days-in-august\/\" target=\"_self\">\n\t\t\t\t\t<img loading=\"lazy\" decoding=\"async\" width=\"1600\" height=\"900\" src=\"https:\/\/kinofest.gr\/wp-content\/uploads\/2025\/09\/1_NeunTageImAugust_Still_FullFrame__1.2.1-min.jpg\" class=\"attachment-full size-full\" alt=\"\" srcset=\"https:\/\/kinofest.gr\/wp-content\/uploads\/2025\/09\/1_NeunTageImAugust_Still_FullFrame__1.2.1-min.jpg 1600w, https:\/\/kinofest.gr\/wp-content\/uploads\/2025\/09\/1_NeunTageImAugust_Still_FullFrame__1.2.1-min-300x169.jpg 300w, https:\/\/kinofest.gr\/wp-content\/uploads\/2025\/09\/1_NeunTageImAugust_Still_FullFrame__1.2.1-min-1024x576.jpg 1024w, https:\/\/kinofest.gr\/wp-content\/uploads\/2025\/09\/1_NeunTageImAugust_Still_FullFrame__1.2.1-min-768x432.jpg 768w, https:\/\/kinofest.gr\/wp-content\/uploads\/2025\/09\/1_NeunTageImAugust_Still_FullFrame__1.2.1-min-1536x864.jpg 1536w, https:\/\/kinofest.gr\/wp-content\/uploads\/2025\/09\/1_NeunTageImAugust_Still_FullFrame__1.2.1-min-18x10.jpg 18w\" sizes=\"auto, (max-width: 1600px) 100vw, 1600px\" \/>\t\t\t\t<\/a>\n\t\t\t<\/div>\n\t\t\t\t<div class=\"mkdf-show-info\">\n\t\t\t<div class=\"mkdf-show-title-holder\">\n\t\t\t\t<h5 itemprop=\"name\" class=\"mkdf-show-name entry-title\">\n\t\t\t\t\t<a itemprop=\"url\" href=\"https:\/\/kinofest.gr\/de\/show-item\/nine-days-in-august\/\">Nine Days in August<\/a>\n\t\t\t\t<\/h5>\n\t\t\t<\/div>\n\t\t\t\t\t\t<div class=\"mkdf-show-categories-holder\">\n\t\t\t\t\t\t\t\t\t\t<a itemprop=\"url\" class=\"mkdf-show-categories\" href=\"https:\/\/kinofest.gr\/de\/shows-category\/6o-kinofest-short-export-2025\/\">6. Kinofest \u2013 Short Export 2025<\/a>\n\t\t\t\t\t\t\t<\/div>\n\t\t\t\t\t<\/div>\n\t<\/div>\n<\/div>\n<div class=\"mkdf-show mkdf-item-space  post-7970 show-item type-show-item status-publish has-post-thumbnail hentry show-category-6o-kinofest-short-export-2025 info-bellow\">\n\t<div class=\"mkdf-show-inner\">\n\t\t\t\t\t<div class=\"mkdf-show-image\">\n\t\t\t\t<a itemprop=\"url\" href=\"https:\/\/kinofest.gr\/de\/show-item\/accidental-animals\/\" target=\"_self\">\n\t\t\t\t\t<img loading=\"lazy\" decoding=\"async\" width=\"1600\" height=\"900\" src=\"https:\/\/kinofest.gr\/wp-content\/uploads\/2025\/09\/2_AccidentalAnimals_Still4-min.jpg\" class=\"attachment-full size-full\" alt=\"\" srcset=\"https:\/\/kinofest.gr\/wp-content\/uploads\/2025\/09\/2_AccidentalAnimals_Still4-min.jpg 1600w, https:\/\/kinofest.gr\/wp-content\/uploads\/2025\/09\/2_AccidentalAnimals_Still4-min-300x169.jpg 300w, https:\/\/kinofest.gr\/wp-content\/uploads\/2025\/09\/2_AccidentalAnimals_Still4-min-1024x576.jpg 1024w, https:\/\/kinofest.gr\/wp-content\/uploads\/2025\/09\/2_AccidentalAnimals_Still4-min-768x432.jpg 768w, https:\/\/kinofest.gr\/wp-content\/uploads\/2025\/09\/2_AccidentalAnimals_Still4-min-1536x864.jpg 1536w, https:\/\/kinofest.gr\/wp-content\/uploads\/2025\/09\/2_AccidentalAnimals_Still4-min-18x10.jpg 18w\" sizes=\"auto, (max-width: 1600px) 100vw, 1600px\" \/>\t\t\t\t<\/a>\n\t\t\t<\/div>\n\t\t\t\t<div class=\"mkdf-show-info\">\n\t\t\t<div class=\"mkdf-show-title-holder\">\n\t\t\t\t<h5 itemprop=\"name\" class=\"mkdf-show-name entry-title\">\n\t\t\t\t\t<a itemprop=\"url\" href=\"https:\/\/kinofest.gr\/de\/show-item\/accidental-animals\/\">Accidental Animals<\/a>\n\t\t\t\t<\/h5>\n\t\t\t<\/div>\n\t\t\t\t\t\t<div class=\"mkdf-show-categories-holder\">\n\t\t\t\t\t\t\t\t\t\t<a itemprop=\"url\" class=\"mkdf-show-categories\" href=\"https:\/\/kinofest.gr\/de\/shows-category\/6o-kinofest-short-export-2025\/\">6. Kinofest \u2013 Short Export 2025<\/a>\n\t\t\t\t\t\t\t<\/div>\n\t\t\t\t\t<\/div>\n\t<\/div>\n<\/div>\n<div class=\"mkdf-show mkdf-item-space  post-7977 show-item type-show-item status-publish has-post-thumbnail hentry show-category-6o-kinofest-short-export-2025 info-bellow\">\n\t<div class=\"mkdf-show-inner\">\n\t\t\t\t\t<div class=\"mkdf-show-image\">\n\t\t\t\t<a itemprop=\"url\" href=\"https:\/\/kinofest.gr\/de\/show-item\/mother-is-a-natural-sinner\/\" target=\"_self\">\n\t\t\t\t\t<img loading=\"lazy\" decoding=\"async\" width=\"1600\" height=\"1201\" src=\"https:\/\/kinofest.gr\/wp-content\/uploads\/2025\/09\/3_MotherIsANaturalSinner_still_1-min.jpeg\" class=\"attachment-full size-full\" alt=\"\" srcset=\"https:\/\/kinofest.gr\/wp-content\/uploads\/2025\/09\/3_MotherIsANaturalSinner_still_1-min.jpeg 1600w, https:\/\/kinofest.gr\/wp-content\/uploads\/2025\/09\/3_MotherIsANaturalSinner_still_1-min-300x225.jpeg 300w, https:\/\/kinofest.gr\/wp-content\/uploads\/2025\/09\/3_MotherIsANaturalSinner_still_1-min-1024x769.jpeg 1024w, https:\/\/kinofest.gr\/wp-content\/uploads\/2025\/09\/3_MotherIsANaturalSinner_still_1-min-768x576.jpeg 768w, https:\/\/kinofest.gr\/wp-content\/uploads\/2025\/09\/3_MotherIsANaturalSinner_still_1-min-1536x1153.jpeg 1536w, https:\/\/kinofest.gr\/wp-content\/uploads\/2025\/09\/3_MotherIsANaturalSinner_still_1-min-16x12.jpeg 16w\" sizes=\"auto, (max-width: 1600px) 100vw, 1600px\" \/>\t\t\t\t<\/a>\n\t\t\t<\/div>\n\t\t\t\t<div class=\"mkdf-show-info\">\n\t\t\t<div class=\"mkdf-show-title-holder\">\n\t\t\t\t<h5 itemprop=\"name\" class=\"mkdf-show-name entry-title\">\n\t\t\t\t\t<a itemprop=\"url\" href=\"https:\/\/kinofest.gr\/de\/show-item\/mother-is-a-natural-sinner\/\">Mother Is a Natural Sinner<\/a>\n\t\t\t\t<\/h5>\n\t\t\t<\/div>\n\t\t\t\t\t\t<div class=\"mkdf-show-categories-holder\">\n\t\t\t\t\t\t\t\t\t\t<a itemprop=\"url\" class=\"mkdf-show-categories\" href=\"https:\/\/kinofest.gr\/de\/shows-category\/6o-kinofest-short-export-2025\/\">6. Kinofest \u2013 Short Export 2025<\/a>\n\t\t\t\t\t\t\t<\/div>\n\t\t\t\t\t<\/div>\n\t<\/div>\n<\/div>\n<div class=\"mkdf-show mkdf-item-space  post-7981 show-item type-show-item status-publish has-post-thumbnail hentry show-category-6o-kinofest-short-export-2025 info-bellow\">\n\t<div class=\"mkdf-show-inner\">\n\t\t\t\t\t<div class=\"mkdf-show-image\">\n\t\t\t\t<a itemprop=\"url\" href=\"https:\/\/kinofest.gr\/de\/show-item\/sky-like-silk-full-of-oranges\/\" target=\"_self\">\n\t\t\t\t\t<img loading=\"lazy\" decoding=\"async\" width=\"1600\" height=\"1200\" src=\"https:\/\/kinofest.gr\/wp-content\/uploads\/2025\/09\/4_HimmelWieSeide_-05-min.jpg\" class=\"attachment-full size-full\" alt=\"\" srcset=\"https:\/\/kinofest.gr\/wp-content\/uploads\/2025\/09\/4_HimmelWieSeide_-05-min.jpg 1600w, https:\/\/kinofest.gr\/wp-content\/uploads\/2025\/09\/4_HimmelWieSeide_-05-min-300x225.jpg 300w, https:\/\/kinofest.gr\/wp-content\/uploads\/2025\/09\/4_HimmelWieSeide_-05-min-1024x768.jpg 1024w, https:\/\/kinofest.gr\/wp-content\/uploads\/2025\/09\/4_HimmelWieSeide_-05-min-768x576.jpg 768w, https:\/\/kinofest.gr\/wp-content\/uploads\/2025\/09\/4_HimmelWieSeide_-05-min-1536x1152.jpg 1536w, https:\/\/kinofest.gr\/wp-content\/uploads\/2025\/09\/4_HimmelWieSeide_-05-min-16x12.jpg 16w\" sizes=\"auto, (max-width: 1600px) 100vw, 1600px\" \/>\t\t\t\t<\/a>\n\t\t\t<\/div>\n\t\t\t\t<div class=\"mkdf-show-info\">\n\t\t\t<div class=\"mkdf-show-title-holder\">\n\t\t\t\t<h5 itemprop=\"name\" class=\"mkdf-show-name entry-title\">\n\t\t\t\t\t<a itemprop=\"url\" href=\"https:\/\/kinofest.gr\/de\/show-item\/sky-like-silk-full-of-oranges\/\">Sky like Silk. Full of Oranges<\/a>\n\t\t\t\t<\/h5>\n\t\t\t<\/div>\n\t\t\t\t\t\t<div class=\"mkdf-show-categories-holder\">\n\t\t\t\t\t\t\t\t\t\t<a itemprop=\"url\" class=\"mkdf-show-categories\" href=\"https:\/\/kinofest.gr\/de\/shows-category\/6o-kinofest-short-export-2025\/\">6. Kinofest \u2013 Short Export 2025<\/a>\n\t\t\t\t\t\t\t<\/div>\n\t\t\t\t\t<\/div>\n\t<\/div>\n<\/div>\n<div class=\"mkdf-show mkdf-item-space  post-7986 show-item type-show-item status-publish has-post-thumbnail hentry show-category-6o-kinofest-short-export-2025 info-bellow\">\n\t<div class=\"mkdf-show-inner\">\n\t\t\t\t\t<div class=\"mkdf-show-image\">\n\t\t\t\t<a itemprop=\"url\" href=\"https:\/\/kinofest.gr\/de\/show-item\/at-home-i-feel-like-leaving\/\" target=\"_self\">\n\t\t\t\t\t<img loading=\"lazy\" decoding=\"async\" width=\"1600\" height=\"900\" src=\"https:\/\/kinofest.gr\/wp-content\/uploads\/2025\/09\/5_AtHomeIFeelLikeLeaving_STILL_5_\u00a9Dennis-Banemann-min.jpg\" class=\"attachment-full size-full\" alt=\"\" srcset=\"https:\/\/kinofest.gr\/wp-content\/uploads\/2025\/09\/5_AtHomeIFeelLikeLeaving_STILL_5_\u00a9Dennis-Banemann-min.jpg 1600w, https:\/\/kinofest.gr\/wp-content\/uploads\/2025\/09\/5_AtHomeIFeelLikeLeaving_STILL_5_\u00a9Dennis-Banemann-min-300x169.jpg 300w, https:\/\/kinofest.gr\/wp-content\/uploads\/2025\/09\/5_AtHomeIFeelLikeLeaving_STILL_5_\u00a9Dennis-Banemann-min-1024x576.jpg 1024w, https:\/\/kinofest.gr\/wp-content\/uploads\/2025\/09\/5_AtHomeIFeelLikeLeaving_STILL_5_\u00a9Dennis-Banemann-min-768x432.jpg 768w, https:\/\/kinofest.gr\/wp-content\/uploads\/2025\/09\/5_AtHomeIFeelLikeLeaving_STILL_5_\u00a9Dennis-Banemann-min-1536x864.jpg 1536w, https:\/\/kinofest.gr\/wp-content\/uploads\/2025\/09\/5_AtHomeIFeelLikeLeaving_STILL_5_\u00a9Dennis-Banemann-min-18x10.jpg 18w\" sizes=\"auto, (max-width: 1600px) 100vw, 1600px\" \/>\t\t\t\t<\/a>\n\t\t\t<\/div>\n\t\t\t\t<div class=\"mkdf-show-info\">\n\t\t\t<div class=\"mkdf-show-title-holder\">\n\t\t\t\t<h5 itemprop=\"name\" class=\"mkdf-show-name entry-title\">\n\t\t\t\t\t<a itemprop=\"url\" href=\"https:\/\/kinofest.gr\/de\/show-item\/at-home-i-feel-like-leaving\/\">At Home I Feel Like Leaving<\/a>\n\t\t\t\t<\/h5>\n\t\t\t<\/div>\n\t\t\t\t\t\t<div class=\"mkdf-show-categories-holder\">\n\t\t\t\t\t\t\t\t\t\t<a itemprop=\"url\" class=\"mkdf-show-categories\" href=\"https:\/\/kinofest.gr\/de\/shows-category\/6o-kinofest-short-export-2025\/\">6. Kinofest \u2013 Short Export 2025<\/a>\n\t\t\t\t\t\t\t<\/div>\n\t\t\t\t\t<\/div>\n\t<\/div>\n<\/div>\n<div class=\"mkdf-show mkdf-item-space  post-7992 show-item type-show-item status-publish has-post-thumbnail hentry show-category-6o-kinofest-short-export-2025 info-bellow\">\n\t<div class=\"mkdf-show-inner\">\n\t\t\t\t\t<div class=\"mkdf-show-image\">\n\t\t\t\t<a itemprop=\"url\" href=\"https:\/\/kinofest.gr\/de\/show-item\/tunnels\/\" target=\"_self\">\n\t\t\t\t\t<img loading=\"lazy\" decoding=\"async\" width=\"1600\" height=\"1000\" src=\"https:\/\/kinofest.gr\/wp-content\/uploads\/2025\/09\/6_Tunnels_Still1-min.jpg\" class=\"attachment-full size-full\" alt=\"\" srcset=\"https:\/\/kinofest.gr\/wp-content\/uploads\/2025\/09\/6_Tunnels_Still1-min.jpg 1600w, https:\/\/kinofest.gr\/wp-content\/uploads\/2025\/09\/6_Tunnels_Still1-min-300x188.jpg 300w, https:\/\/kinofest.gr\/wp-content\/uploads\/2025\/09\/6_Tunnels_Still1-min-1024x640.jpg 1024w, https:\/\/kinofest.gr\/wp-content\/uploads\/2025\/09\/6_Tunnels_Still1-min-768x480.jpg 768w, https:\/\/kinofest.gr\/wp-content\/uploads\/2025\/09\/6_Tunnels_Still1-min-1536x960.jpg 1536w, https:\/\/kinofest.gr\/wp-content\/uploads\/2025\/09\/6_Tunnels_Still1-min-18x12.jpg 18w\" sizes=\"auto, (max-width: 1600px) 100vw, 1600px\" \/>\t\t\t\t<\/a>\n\t\t\t<\/div>\n\t\t\t\t<div class=\"mkdf-show-info\">\n\t\t\t<div class=\"mkdf-show-title-holder\">\n\t\t\t\t<h5 itemprop=\"name\" class=\"mkdf-show-name entry-title\">\n\t\t\t\t\t<a itemprop=\"url\" href=\"https:\/\/kinofest.gr\/de\/show-item\/tunnels\/\">Tunnels<\/a>\n\t\t\t\t<\/h5>\n\t\t\t<\/div>\n\t\t\t\t\t\t<div class=\"mkdf-show-categories-holder\">\n\t\t\t\t\t\t\t\t\t\t<a itemprop=\"url\" class=\"mkdf-show-categories\" href=\"https:\/\/kinofest.gr\/de\/shows-category\/6o-kinofest-short-export-2025\/\">6. Kinofest \u2013 Short Export 2025<\/a>\n\t\t\t\t\t\t\t<\/div>\n\t\t\t\t\t<\/div>\n\t<\/div>\n<\/div>\t<\/div>\n\t<\/div><\/div><\/div><\/div><\/div><\/div><\/div>","protected":false},"excerpt":{"rendered":"","protected":false},"author":4,"featured_media":0,"parent":0,"menu_order":0,"comment_status":"closed","ping_status":"closed","template":"full-width.php","meta":{"footnotes":""},"class_list":["post-7999","page","type-page","status-publish","hentry"],"yoast_head":"<!-- This site is optimized with the Yoast SEO plugin v26.9 - https:\/\/yoast.com\/product\/yoast-seo-wordpress\/ -->\n<title>Short Export 2025 | KinoFest<\/title>\n<meta name=\"robots\" content=\"index, follow, max-snippet:-1, max-image-preview:large, max-video-preview:-1\" \/>\n<link rel=\"canonical\" href=\"https:\/\/kinofest.gr\/de\/short-export-2025\/\" \/>\n<meta property=\"og:locale\" content=\"de_DE\" \/>\n<meta property=\"og:type\" content=\"article\" \/>\n<meta property=\"og:title\" content=\"Short Export 2025 | KinoFest\" \/>\n<meta property=\"og:url\" content=\"https:\/\/kinofest.gr\/de\/short-export-2025\/\" \/>\n<meta property=\"og:site_name\" content=\"KinoFest\" \/>\n<meta property=\"article:publisher\" content=\"https:\/\/www.facebook.com\/kinofest.gr\/\" \/>\n<meta property=\"article:modified_time\" content=\"2025-09-18T13:03:02+00:00\" \/>\n<meta name=\"twitter:card\" content=\"summary_large_image\" \/>\n<meta name=\"twitter:label1\" content=\"Gesch\u00e4tzte Lesezeit\" \/>\n\t<meta name=\"twitter:data1\" content=\"2\u00a0Minuten\" \/>\n<script type=\"application\/ld+json\" class=\"yoast-schema-graph\">{\"@context\":\"https:\/\/schema.org\",\"@graph\":[{\"@type\":\"WebPage\",\"@id\":\"https:\/\/kinofest.gr\/short-export-2025\/\",\"url\":\"https:\/\/kinofest.gr\/short-export-2025\/\",\"name\":\"Short Export 2025 | KinoFest\",\"isPartOf\":{\"@id\":\"https:\/\/kinofest.gr\/el\/#website\"},\"datePublished\":\"2025-09-12T10:43:12+00:00\",\"dateModified\":\"2025-09-18T13:03:02+00:00\",\"breadcrumb\":{\"@id\":\"https:\/\/kinofest.gr\/short-export-2025\/#breadcrumb\"},\"inLanguage\":\"de\",\"potentialAction\":[{\"@type\":\"ReadAction\",\"target\":[\"https:\/\/kinofest.gr\/short-export-2025\/\"]}]},{\"@type\":\"BreadcrumbList\",\"@id\":\"https:\/\/kinofest.gr\/short-export-2025\/#breadcrumb\",\"itemListElement\":[{\"@type\":\"ListItem\",\"position\":1,\"name\":\"\u0391\u03c1\u03c7\u03b9\u03ba\u03ae\",\"item\":\"https:\/\/kinofest.gr\/\"},{\"@type\":\"ListItem\",\"position\":2,\"name\":\"6 Short Export 2025\"}]},{\"@type\":\"WebSite\",\"@id\":\"https:\/\/kinofest.gr\/el\/#website\",\"url\":\"https:\/\/kinofest.gr\/el\/\",\"name\":\"KinoFest\",\"description\":\"KinoFest\",\"publisher\":{\"@id\":\"https:\/\/kinofest.gr\/el\/#organization\"},\"potentialAction\":[{\"@type\":\"SearchAction\",\"target\":{\"@type\":\"EntryPoint\",\"urlTemplate\":\"https:\/\/kinofest.gr\/el\/?s={search_term_string}\"},\"query-input\":{\"@type\":\"PropertyValueSpecification\",\"valueRequired\":true,\"valueName\":\"search_term_string\"}}],\"inLanguage\":\"de\"},{\"@type\":\"Organization\",\"@id\":\"https:\/\/kinofest.gr\/el\/#organization\",\"name\":\"KinoFest\",\"url\":\"https:\/\/kinofest.gr\/el\/\",\"logo\":{\"@type\":\"ImageObject\",\"inLanguage\":\"de\",\"@id\":\"https:\/\/kinofest.gr\/el\/#\/schema\/logo\/image\/\",\"url\":\"https:\/\/kinofest.gr\/wp-content\/uploads\/2022\/09\/Logo_Color-min-1.jpg\",\"contentUrl\":\"https:\/\/kinofest.gr\/wp-content\/uploads\/2022\/09\/Logo_Color-min-1.jpg\",\"width\":283,\"height\":358,\"caption\":\"KinoFest\"},\"image\":{\"@id\":\"https:\/\/kinofest.gr\/el\/#\/schema\/logo\/image\/\"},\"sameAs\":[\"https:\/\/www.facebook.com\/kinofest.gr\/\",\"https:\/\/www.instagram.com\/kinofest.gr\/\"]}]}<\/script>\n<!-- \/ Yoast SEO plugin. -->","yoast_head_json":{"title":"Short Export 2025 | KinoFest","robots":{"index":"index","follow":"follow","max-snippet":"max-snippet:-1","max-image-preview":"max-image-preview:large","max-video-preview":"max-video-preview:-1"},"canonical":"https:\/\/kinofest.gr\/de\/short-export-2025\/","og_locale":"de_DE","og_type":"article","og_title":"Short Export 2025 | KinoFest","og_url":"https:\/\/kinofest.gr\/de\/short-export-2025\/","og_site_name":"KinoFest","article_publisher":"https:\/\/www.facebook.com\/kinofest.gr\/","article_modified_time":"2025-09-18T13:03:02+00:00","twitter_card":"summary_large_image","twitter_misc":{"Gesch\u00e4tzte Lesezeit":"2\u00a0Minuten"},"schema":{"@context":"https:\/\/schema.org","@graph":[{"@type":"WebPage","@id":"https:\/\/kinofest.gr\/short-export-2025\/","url":"https:\/\/kinofest.gr\/short-export-2025\/","name":"Short Export 2025 | KinoFest","isPartOf":{"@id":"https:\/\/kinofest.gr\/el\/#website"},"datePublished":"2025-09-12T10:43:12+00:00","dateModified":"2025-09-18T13:03:02+00:00","breadcrumb":{"@id":"https:\/\/kinofest.gr\/short-export-2025\/#breadcrumb"},"inLanguage":"de","potentialAction":[{"@type":"ReadAction","target":["https:\/\/kinofest.gr\/short-export-2025\/"]}]},{"@type":"BreadcrumbList","@id":"https:\/\/kinofest.gr\/short-export-2025\/#breadcrumb","itemListElement":[{"@type":"ListItem","position":1,"name":"\u0391\u03c1\u03c7\u03b9\u03ba\u03ae","item":"https:\/\/kinofest.gr\/"},{"@type":"ListItem","position":2,"name":"6 Short Export 2025"}]},{"@type":"WebSite","@id":"https:\/\/kinofest.gr\/el\/#website","url":"https:\/\/kinofest.gr\/el\/","name":"KinoFest","description":"KinoFest","publisher":{"@id":"https:\/\/kinofest.gr\/el\/#organization"},"potentialAction":[{"@type":"SearchAction","target":{"@type":"EntryPoint","urlTemplate":"https:\/\/kinofest.gr\/el\/?s={search_term_string}"},"query-input":{"@type":"PropertyValueSpecification","valueRequired":true,"valueName":"search_term_string"}}],"inLanguage":"de"},{"@type":"Organization","@id":"https:\/\/kinofest.gr\/el\/#organization","name":"KinoFest","url":"https:\/\/kinofest.gr\/el\/","logo":{"@type":"ImageObject","inLanguage":"de","@id":"https:\/\/kinofest.gr\/el\/#\/schema\/logo\/image\/","url":"https:\/\/kinofest.gr\/wp-content\/uploads\/2022\/09\/Logo_Color-min-1.jpg","contentUrl":"https:\/\/kinofest.gr\/wp-content\/uploads\/2022\/09\/Logo_Color-min-1.jpg","width":283,"height":358,"caption":"KinoFest"},"image":{"@id":"https:\/\/kinofest.gr\/el\/#\/schema\/logo\/image\/"},"sameAs":["https:\/\/www.facebook.com\/kinofest.gr\/","https:\/\/www.instagram.com\/kinofest.gr\/"]}]}},"_links":{"self":[{"href":"https:\/\/kinofest.gr\/de\/wp-json\/wp\/v2\/pages\/7999","targetHints":{"allow":["GET"]}}],"collection":[{"href":"https:\/\/kinofest.gr\/de\/wp-json\/wp\/v2\/pages"}],"about":[{"href":"https:\/\/kinofest.gr\/de\/wp-json\/wp\/v2\/types\/page"}],"author":[{"embeddable":true,"href":"https:\/\/kinofest.gr\/de\/wp-json\/wp\/v2\/users\/4"}],"replies":[{"embeddable":true,"href":"https:\/\/kinofest.gr\/de\/wp-json\/wp\/v2\/comments?post=7999"}],"version-history":[{"count":6,"href":"https:\/\/kinofest.gr\/de\/wp-json\/wp\/v2\/pages\/7999\/revisions"}],"predecessor-version":[{"id":8076,"href":"https:\/\/kinofest.gr\/de\/wp-json\/wp\/v2\/pages\/7999\/revisions\/8076"}],"wp:attachment":[{"href":"https:\/\/kinofest.gr\/de\/wp-json\/wp\/v2\/media?parent=7999"}],"curies":[{"name":"wp","href":"https:\/\/api.w.org\/{rel}","templated":true}]}}