{"id":7381,"date":"2024-09-17T08:45:00","date_gmt":"2024-09-17T08:45:00","guid":{"rendered":"https:\/\/kinofest.gr\/?page_id=7381"},"modified":"2024-09-17T08:47:30","modified_gmt":"2024-09-17T08:47:30","slug":"%ce%b1%cf%86%ce%b9%ce%b5%cf%81%cf%89%ce%bc%ce%b1-next-generation","status":"publish","type":"page","link":"https:\/\/kinofest.gr\/de\/%ce%b1%cf%86%ce%b9%ce%b5%cf%81%cf%89%ce%bc%ce%b1-next-generation\/","title":{"rendered":"Eine Hommage auf Next Gen"},"content":{"rendered":"<div class=\"mkdf-row-grid-section-wrapper mkdf-content-aligment-center\"  ><div class=\"mkdf-row-grid-section\"><div class=\"vc_row wpb_row vc_row-fluid vc_custom_1526382544644\" ><div class=\"wpb_column vc_column_container vc_col-sm-12 vc_col-lg-offset-0 vc_col-lg-12\"><div class=\"vc_column-inner\"><div class=\"wpb_wrapper\">\n\t<div class=\"wpb_text_column wpb_content_element  kino2Title\" >\n\t\t<div class=\"wpb_wrapper\">\n\t\t\t<h2 style=\"text-align: left;\"><span style=\"font-weight: 400;\">Eine Hommage auf  Next Gen \/ First Steps - Der deutsche Nachwuchspreis<\/span><\/h2>\n\n\t\t<\/div>\n\t<\/div>\n<div class=\"vc_empty_space\"   style=\"height: 32px\"><span class=\"vc_empty_space_inner\"><\/span><\/div>\n\t<div class=\"wpb_text_column wpb_content_element\" >\n\t\t<div class=\"wpb_wrapper\">\n\t\t\t<p>Das KinoFest pr\u00e4sentiert in Zusammenarbeit mit First Steps - Der Deutsche Nachwuchspreis den Tribute Next Gen und gibt damit der neuen Generation deutschsprachiger Filmemacher eine Plattform. Der First Steps - The German Young Talent Award wird j\u00e4hrlich an herausragende Filme von Absolventen deutschsprachiger Filmhochschulen verliehen. Ziel des Preises ist es, das hohe kreative Potenzial junger Talente hervorzuheben und ihnen die ersten Schritte in der Filmbranche zu erleichtern.<\/p>\n<p>Im Rahmen der Hommage werden drei f\u00fcr den diesj\u00e4hrigen First Steps Award nominierte Filme gezeigt, die sich durch ihre Originalit\u00e4t und Kreativit\u00e4t auszeichnen. Mit dieser Hommage bringt uns das KinoFest neue filmische Stimmen und Ideen n\u00e4her und pr\u00e4sentiert Werke, die sich durch ihre Originalit\u00e4t und Kreativit\u00e4t auszeichnen.<\/p>\n\n\t\t<\/div>\n\t<\/div>\n<\/div><\/div><\/div><\/div><\/div><\/div><div class=\"mkdf-row-grid-section-wrapper mkdf-content-aligment-center\"  ><div class=\"mkdf-row-grid-section\"><div class=\"vc_row wpb_row vc_row-fluid vc_custom_1694788725678\" ><div class=\"wpb_column vc_column_container vc_col-sm-12 vc_col-lg-offset-0 vc_col-lg-12\"><div class=\"vc_column-inner\"><div class=\"wpb_wrapper\"><div class=\"vc_empty_space\"   style=\"height: 84px\"><span class=\"vc_empty_space_inner\"><\/span><\/div><div class=\"mkdf-section-title-holder  mkdf-st-standard mkdf-st-title-left mkdf-st-normal-space\" style=\"text-align: left\">\n\t<div class=\"mkdf-st-inner\">\n\t\t\t\t\t<h2 class=\"mkdf-st-title\" >\n\t\t\t\tFilme\t\t\t<\/h2>\n\t\t\t\t\t<\/div>\n<\/div><div class=\"vc_empty_space\"   style=\"height: 32px\"><span class=\"vc_empty_space_inner\"><\/span><\/div><div class=\"mkdf-show-list-holder mkdf-sl-gallery  mkdf-large-space mkdf-sl-two-columns mkdf-sl-pag-no-pagination\"  data-type=\"gallery\" data-number-of-columns=\"2\" data-space-between-items=\"large\" data-number-of-items=\"-1\" data-category=\"5%ce%bf-kinofest-%ce%b1%cf%86%ce%b9%ce%ad%cf%81%cf%89%ce%bc%ce%b1-next-generation\" data-title-tag=\"h5\" data-image-proportions=\"landscape\" data-enable-fixed-proportions=\"no\" data-orderby=\"date\" data-order=\"ASC\" data-show-single-layout=\"info-bellow\" data-show-slider=\"no\" data-slider-navigation=\"no\" data-slider-pagination=\"no\" data-pagination-type=\"no-pagination\" data-slider-autoplay=\"no\" data-max-num-pages=\"0\" data-next-page=\"2\">\n\t<div class=\"mkdf-sl-inner mkdf-outer-space\" data-number-of-items=\"2\" data-enable-navigation=\"no\" data-enable-pagination=\"no\" data-enable-autoplay=\"no\">\n\t\t\n<div class=\"mkdf-show mkdf-item-space  post-7356 show-item type-show-item status-publish has-post-thumbnail hentry show-category-5-kinofest--next-generation info-bellow\">\n\t<div class=\"mkdf-show-inner\">\n\t\t\t\t\t<div class=\"mkdf-show-image\">\n\t\t\t\t<a itemprop=\"url\" href=\"https:\/\/kinofest.gr\/de\/show-item\/scrubby\/\" target=\"_self\">\n\t\t\t\t\t<img loading=\"lazy\" decoding=\"async\" width=\"1228\" height=\"856\" src=\"https:\/\/kinofest.gr\/wp-content\/uploads\/2024\/09\/Scrubby_2_-feature-img.jpg\" class=\"attachment-full size-full\" alt=\"\" srcset=\"https:\/\/kinofest.gr\/wp-content\/uploads\/2024\/09\/Scrubby_2_-feature-img.jpg 1228w, https:\/\/kinofest.gr\/wp-content\/uploads\/2024\/09\/Scrubby_2_-feature-img-300x209.jpg 300w, https:\/\/kinofest.gr\/wp-content\/uploads\/2024\/09\/Scrubby_2_-feature-img-1024x714.jpg 1024w, https:\/\/kinofest.gr\/wp-content\/uploads\/2024\/09\/Scrubby_2_-feature-img-768x535.jpg 768w, https:\/\/kinofest.gr\/wp-content\/uploads\/2024\/09\/Scrubby_2_-feature-img-18x12.jpg 18w\" sizes=\"auto, (max-width: 1228px) 100vw, 1228px\" \/>\t\t\t\t<\/a>\n\t\t\t<\/div>\n\t\t\t\t<div class=\"mkdf-show-info\">\n\t\t\t<div class=\"mkdf-show-title-holder\">\n\t\t\t\t<h5 itemprop=\"name\" class=\"mkdf-show-name entry-title\">\n\t\t\t\t\t<a itemprop=\"url\" href=\"https:\/\/kinofest.gr\/de\/show-item\/scrubby\/\">Scrubby<\/a>\n\t\t\t\t<\/h5>\n\t\t\t<\/div>\n\t\t\t\t\t\t<div class=\"mkdf-show-categories-holder\">\n\t\t\t\t\t\t\t\t\t\t<a itemprop=\"url\" class=\"mkdf-show-categories\" href=\"https:\/\/kinofest.gr\/de\/shows-category\/5%ce%bf-kinofest-%ce%b1%cf%86%ce%b9%ce%ad%cf%81%cf%89%ce%bc%ce%b1-next-generation\/\">5\u03bf KinoFest - \u0391\u03c6\u03b9\u03ad\u03c1\u03c9\u03bc\u03b1 Next Generation<\/a>\n\t\t\t\t\t\t\t<\/div>\n\t\t\t\t\t<\/div>\n\t<\/div>\n<\/div>\n<div class=\"mkdf-show mkdf-item-space  post-7363 show-item type-show-item status-publish has-post-thumbnail hentry show-category-5-kinofest--next-generation info-bellow\">\n\t<div class=\"mkdf-show-inner\">\n\t\t\t\t\t<div class=\"mkdf-show-image\">\n\t\t\t\t<a itemprop=\"url\" href=\"https:\/\/kinofest.gr\/de\/show-item\/dodo\/\" target=\"_self\">\n\t\t\t\t\t<img loading=\"lazy\" decoding=\"async\" width=\"1600\" height=\"900\" src=\"https:\/\/kinofest.gr\/wp-content\/uploads\/2024\/09\/Dodo_Still_1-min.jpg\" class=\"attachment-full size-full\" alt=\"\" srcset=\"https:\/\/kinofest.gr\/wp-content\/uploads\/2024\/09\/Dodo_Still_1-min.jpg 1600w, https:\/\/kinofest.gr\/wp-content\/uploads\/2024\/09\/Dodo_Still_1-min-300x169.jpg 300w, https:\/\/kinofest.gr\/wp-content\/uploads\/2024\/09\/Dodo_Still_1-min-1024x576.jpg 1024w, https:\/\/kinofest.gr\/wp-content\/uploads\/2024\/09\/Dodo_Still_1-min-768x432.jpg 768w, https:\/\/kinofest.gr\/wp-content\/uploads\/2024\/09\/Dodo_Still_1-min-1536x864.jpg 1536w, https:\/\/kinofest.gr\/wp-content\/uploads\/2024\/09\/Dodo_Still_1-min-18x10.jpg 18w\" sizes=\"auto, (max-width: 1600px) 100vw, 1600px\" \/>\t\t\t\t<\/a>\n\t\t\t<\/div>\n\t\t\t\t<div class=\"mkdf-show-info\">\n\t\t\t<div class=\"mkdf-show-title-holder\">\n\t\t\t\t<h5 itemprop=\"name\" class=\"mkdf-show-name entry-title\">\n\t\t\t\t\t<a itemprop=\"url\" href=\"https:\/\/kinofest.gr\/de\/show-item\/dodo\/\">DODO<\/a>\n\t\t\t\t<\/h5>\n\t\t\t<\/div>\n\t\t\t\t\t\t<div class=\"mkdf-show-categories-holder\">\n\t\t\t\t\t\t\t\t\t\t<a itemprop=\"url\" class=\"mkdf-show-categories\" href=\"https:\/\/kinofest.gr\/de\/shows-category\/5%ce%bf-kinofest-%ce%b1%cf%86%ce%b9%ce%ad%cf%81%cf%89%ce%bc%ce%b1-next-generation\/\">5\u03bf KinoFest - \u0391\u03c6\u03b9\u03ad\u03c1\u03c9\u03bc\u03b1 Next Generation<\/a>\n\t\t\t\t\t\t\t<\/div>\n\t\t\t\t\t<\/div>\n\t<\/div>\n<\/div>\n<div class=\"mkdf-show mkdf-item-space  post-7371 show-item type-show-item status-publish has-post-thumbnail hentry show-category-5-kinofest--next-generation info-bellow\">\n\t<div class=\"mkdf-show-inner\">\n\t\t\t\t\t<div class=\"mkdf-show-image\">\n\t\t\t\t<a itemprop=\"url\" href=\"https:\/\/kinofest.gr\/de\/show-item\/arthur-diana\/\" target=\"_self\">\n\t\t\t\t\t<img loading=\"lazy\" decoding=\"async\" width=\"1600\" height=\"1030\" src=\"https:\/\/kinofest.gr\/wp-content\/uploads\/2024\/09\/ArthurDiana-Still-06-1-min.jpg\" class=\"attachment-full size-full\" alt=\"\" srcset=\"https:\/\/kinofest.gr\/wp-content\/uploads\/2024\/09\/ArthurDiana-Still-06-1-min.jpg 1600w, https:\/\/kinofest.gr\/wp-content\/uploads\/2024\/09\/ArthurDiana-Still-06-1-min-300x193.jpg 300w, https:\/\/kinofest.gr\/wp-content\/uploads\/2024\/09\/ArthurDiana-Still-06-1-min-1024x659.jpg 1024w, https:\/\/kinofest.gr\/wp-content\/uploads\/2024\/09\/ArthurDiana-Still-06-1-min-768x494.jpg 768w, https:\/\/kinofest.gr\/wp-content\/uploads\/2024\/09\/ArthurDiana-Still-06-1-min-1536x989.jpg 1536w, https:\/\/kinofest.gr\/wp-content\/uploads\/2024\/09\/ArthurDiana-Still-06-1-min-18x12.jpg 18w\" sizes=\"auto, (max-width: 1600px) 100vw, 1600px\" \/>\t\t\t\t<\/a>\n\t\t\t<\/div>\n\t\t\t\t<div class=\"mkdf-show-info\">\n\t\t\t<div class=\"mkdf-show-title-holder\">\n\t\t\t\t<h5 itemprop=\"name\" class=\"mkdf-show-name entry-title\">\n\t\t\t\t\t<a itemprop=\"url\" href=\"https:\/\/kinofest.gr\/de\/show-item\/arthur-diana\/\">Arthur &#038; Diana<\/a>\n\t\t\t\t<\/h5>\n\t\t\t<\/div>\n\t\t\t\t\t\t<div class=\"mkdf-show-categories-holder\">\n\t\t\t\t\t\t\t\t\t\t<a itemprop=\"url\" class=\"mkdf-show-categories\" href=\"https:\/\/kinofest.gr\/de\/shows-category\/5%ce%bf-kinofest-%ce%b1%cf%86%ce%b9%ce%ad%cf%81%cf%89%ce%bc%ce%b1-next-generation\/\">5\u03bf KinoFest - \u0391\u03c6\u03b9\u03ad\u03c1\u03c9\u03bc\u03b1 Next Generation<\/a>\n\t\t\t\t\t\t\t<\/div>\n\t\t\t\t\t<\/div>\n\t<\/div>\n<\/div>\t<\/div>\n\t<\/div><\/div><\/div><\/div><\/div><\/div><\/div><div class=\"vc_row wpb_row vc_row-fluid\" ><div class=\"wpb_column vc_column_container vc_col-sm-12\"><div class=\"vc_column-inner\"><div class=\"wpb_wrapper\"><div class=\"vc_empty_space\"   style=\"height: 40px\"><span class=\"vc_empty_space_inner\"><\/span><\/div><\/div><\/div><\/div><\/div>","protected":false},"excerpt":{"rendered":"","protected":false},"author":4,"featured_media":0,"parent":0,"menu_order":0,"comment_status":"closed","ping_status":"closed","template":"","meta":{"footnotes":""},"class_list":["post-7381","page","type-page","status-publish","hentry"],"yoast_head":"<!-- This site is optimized with the Yoast SEO plugin v26.9 - https:\/\/yoast.com\/product\/yoast-seo-wordpress\/ -->\n<title>\u0391\u03c6\u03b9\u03b5\u0301\u03c1\u03c9\u03bc\u03b1 Next Generation - KinoFest<\/title>\n<meta name=\"robots\" content=\"index, follow, max-snippet:-1, max-image-preview:large, max-video-preview:-1\" \/>\n<link rel=\"canonical\" href=\"https:\/\/kinofest.gr\/de\/\u03b1\u03c6\u03b9\u03b5\u03c1\u03c9\u03bc\u03b1-next-generation\/\" \/>\n<meta property=\"og:locale\" content=\"de_DE\" \/>\n<meta property=\"og:type\" content=\"article\" \/>\n<meta property=\"og:title\" content=\"\u0391\u03c6\u03b9\u03b5\u0301\u03c1\u03c9\u03bc\u03b1 Next Generation - KinoFest\" \/>\n<meta property=\"og:url\" content=\"https:\/\/kinofest.gr\/de\/\u03b1\u03c6\u03b9\u03b5\u03c1\u03c9\u03bc\u03b1-next-generation\/\" \/>\n<meta property=\"og:site_name\" content=\"KinoFest\" \/>\n<meta property=\"article:publisher\" content=\"https:\/\/www.facebook.com\/kinofest.gr\/\" \/>\n<meta property=\"article:modified_time\" content=\"2024-09-17T08:47:30+00:00\" \/>\n<meta name=\"twitter:card\" content=\"summary_large_image\" \/>\n<meta name=\"twitter:label1\" content=\"Gesch\u00e4tzte Lesezeit\" \/>\n\t<meta name=\"twitter:data1\" content=\"2\u00a0Minuten\" \/>\n<script type=\"application\/ld+json\" class=\"yoast-schema-graph\">{\"@context\":\"https:\/\/schema.org\",\"@graph\":[{\"@type\":\"WebPage\",\"@id\":\"https:\/\/kinofest.gr\/%ce%b1%cf%86%ce%b9%ce%b5%cf%81%cf%89%ce%bc%ce%b1-next-generation\/\",\"url\":\"https:\/\/kinofest.gr\/%ce%b1%cf%86%ce%b9%ce%b5%cf%81%cf%89%ce%bc%ce%b1-next-generation\/\",\"name\":\"\u0391\u03c6\u03b9\u03b5\u0301\u03c1\u03c9\u03bc\u03b1 Next Generation - KinoFest\",\"isPartOf\":{\"@id\":\"https:\/\/kinofest.gr\/el\/#website\"},\"datePublished\":\"2024-09-17T08:45:00+00:00\",\"dateModified\":\"2024-09-17T08:47:30+00:00\",\"breadcrumb\":{\"@id\":\"https:\/\/kinofest.gr\/%ce%b1%cf%86%ce%b9%ce%b5%cf%81%cf%89%ce%bc%ce%b1-next-generation\/#breadcrumb\"},\"inLanguage\":\"de\",\"potentialAction\":[{\"@type\":\"ReadAction\",\"target\":[\"https:\/\/kinofest.gr\/%ce%b1%cf%86%ce%b9%ce%b5%cf%81%cf%89%ce%bc%ce%b1-next-generation\/\"]}]},{\"@type\":\"BreadcrumbList\",\"@id\":\"https:\/\/kinofest.gr\/%ce%b1%cf%86%ce%b9%ce%b5%cf%81%cf%89%ce%bc%ce%b1-next-generation\/#breadcrumb\",\"itemListElement\":[{\"@type\":\"ListItem\",\"position\":1,\"name\":\"\u0391\u03c1\u03c7\u03b9\u03ba\u03ae\",\"item\":\"https:\/\/kinofest.gr\/\"},{\"@type\":\"ListItem\",\"position\":2,\"name\":\"\u0391\u03c6\u03b9\u03b5\u0301\u03c1\u03c9\u03bc\u03b1 Next Generation\"}]},{\"@type\":\"WebSite\",\"@id\":\"https:\/\/kinofest.gr\/el\/#website\",\"url\":\"https:\/\/kinofest.gr\/el\/\",\"name\":\"KinoFest\",\"description\":\"KinoFest\",\"publisher\":{\"@id\":\"https:\/\/kinofest.gr\/el\/#organization\"},\"potentialAction\":[{\"@type\":\"SearchAction\",\"target\":{\"@type\":\"EntryPoint\",\"urlTemplate\":\"https:\/\/kinofest.gr\/el\/?s={search_term_string}\"},\"query-input\":{\"@type\":\"PropertyValueSpecification\",\"valueRequired\":true,\"valueName\":\"search_term_string\"}}],\"inLanguage\":\"de\"},{\"@type\":\"Organization\",\"@id\":\"https:\/\/kinofest.gr\/el\/#organization\",\"name\":\"KinoFest\",\"url\":\"https:\/\/kinofest.gr\/el\/\",\"logo\":{\"@type\":\"ImageObject\",\"inLanguage\":\"de\",\"@id\":\"https:\/\/kinofest.gr\/el\/#\/schema\/logo\/image\/\",\"url\":\"https:\/\/kinofest.gr\/wp-content\/uploads\/2022\/09\/Logo_Color-min-1.jpg\",\"contentUrl\":\"https:\/\/kinofest.gr\/wp-content\/uploads\/2022\/09\/Logo_Color-min-1.jpg\",\"width\":283,\"height\":358,\"caption\":\"KinoFest\"},\"image\":{\"@id\":\"https:\/\/kinofest.gr\/el\/#\/schema\/logo\/image\/\"},\"sameAs\":[\"https:\/\/www.facebook.com\/kinofest.gr\/\",\"https:\/\/www.instagram.com\/kinofest.gr\/\"]}]}<\/script>\n<!-- \/ Yoast SEO plugin. -->","yoast_head_json":{"title":"\u0391\u03c6\u03b9\u03b5\u0301\u03c1\u03c9\u03bc\u03b1 Next Generation - KinoFest","robots":{"index":"index","follow":"follow","max-snippet":"max-snippet:-1","max-image-preview":"max-image-preview:large","max-video-preview":"max-video-preview:-1"},"canonical":"https:\/\/kinofest.gr\/de\/\u03b1\u03c6\u03b9\u03b5\u03c1\u03c9\u03bc\u03b1-next-generation\/","og_locale":"de_DE","og_type":"article","og_title":"\u0391\u03c6\u03b9\u03b5\u0301\u03c1\u03c9\u03bc\u03b1 Next Generation - KinoFest","og_url":"https:\/\/kinofest.gr\/de\/\u03b1\u03c6\u03b9\u03b5\u03c1\u03c9\u03bc\u03b1-next-generation\/","og_site_name":"KinoFest","article_publisher":"https:\/\/www.facebook.com\/kinofest.gr\/","article_modified_time":"2024-09-17T08:47:30+00:00","twitter_card":"summary_large_image","twitter_misc":{"Gesch\u00e4tzte Lesezeit":"2\u00a0Minuten"},"schema":{"@context":"https:\/\/schema.org","@graph":[{"@type":"WebPage","@id":"https:\/\/kinofest.gr\/%ce%b1%cf%86%ce%b9%ce%b5%cf%81%cf%89%ce%bc%ce%b1-next-generation\/","url":"https:\/\/kinofest.gr\/%ce%b1%cf%86%ce%b9%ce%b5%cf%81%cf%89%ce%bc%ce%b1-next-generation\/","name":"\u0391\u03c6\u03b9\u03b5\u0301\u03c1\u03c9\u03bc\u03b1 Next Generation - KinoFest","isPartOf":{"@id":"https:\/\/kinofest.gr\/el\/#website"},"datePublished":"2024-09-17T08:45:00+00:00","dateModified":"2024-09-17T08:47:30+00:00","breadcrumb":{"@id":"https:\/\/kinofest.gr\/%ce%b1%cf%86%ce%b9%ce%b5%cf%81%cf%89%ce%bc%ce%b1-next-generation\/#breadcrumb"},"inLanguage":"de","potentialAction":[{"@type":"ReadAction","target":["https:\/\/kinofest.gr\/%ce%b1%cf%86%ce%b9%ce%b5%cf%81%cf%89%ce%bc%ce%b1-next-generation\/"]}]},{"@type":"BreadcrumbList","@id":"https:\/\/kinofest.gr\/%ce%b1%cf%86%ce%b9%ce%b5%cf%81%cf%89%ce%bc%ce%b1-next-generation\/#breadcrumb","itemListElement":[{"@type":"ListItem","position":1,"name":"\u0391\u03c1\u03c7\u03b9\u03ba\u03ae","item":"https:\/\/kinofest.gr\/"},{"@type":"ListItem","position":2,"name":"\u0391\u03c6\u03b9\u03b5\u0301\u03c1\u03c9\u03bc\u03b1 Next Generation"}]},{"@type":"WebSite","@id":"https:\/\/kinofest.gr\/el\/#website","url":"https:\/\/kinofest.gr\/el\/","name":"KinoFest","description":"KinoFest","publisher":{"@id":"https:\/\/kinofest.gr\/el\/#organization"},"potentialAction":[{"@type":"SearchAction","target":{"@type":"EntryPoint","urlTemplate":"https:\/\/kinofest.gr\/el\/?s={search_term_string}"},"query-input":{"@type":"PropertyValueSpecification","valueRequired":true,"valueName":"search_term_string"}}],"inLanguage":"de"},{"@type":"Organization","@id":"https:\/\/kinofest.gr\/el\/#organization","name":"KinoFest","url":"https:\/\/kinofest.gr\/el\/","logo":{"@type":"ImageObject","inLanguage":"de","@id":"https:\/\/kinofest.gr\/el\/#\/schema\/logo\/image\/","url":"https:\/\/kinofest.gr\/wp-content\/uploads\/2022\/09\/Logo_Color-min-1.jpg","contentUrl":"https:\/\/kinofest.gr\/wp-content\/uploads\/2022\/09\/Logo_Color-min-1.jpg","width":283,"height":358,"caption":"KinoFest"},"image":{"@id":"https:\/\/kinofest.gr\/el\/#\/schema\/logo\/image\/"},"sameAs":["https:\/\/www.facebook.com\/kinofest.gr\/","https:\/\/www.instagram.com\/kinofest.gr\/"]}]}},"_links":{"self":[{"href":"https:\/\/kinofest.gr\/de\/wp-json\/wp\/v2\/pages\/7381","targetHints":{"allow":["GET"]}}],"collection":[{"href":"https:\/\/kinofest.gr\/de\/wp-json\/wp\/v2\/pages"}],"about":[{"href":"https:\/\/kinofest.gr\/de\/wp-json\/wp\/v2\/types\/page"}],"author":[{"embeddable":true,"href":"https:\/\/kinofest.gr\/de\/wp-json\/wp\/v2\/users\/4"}],"replies":[{"embeddable":true,"href":"https:\/\/kinofest.gr\/de\/wp-json\/wp\/v2\/comments?post=7381"}],"version-history":[{"count":3,"href":"https:\/\/kinofest.gr\/de\/wp-json\/wp\/v2\/pages\/7381\/revisions"}],"predecessor-version":[{"id":7384,"href":"https:\/\/kinofest.gr\/de\/wp-json\/wp\/v2\/pages\/7381\/revisions\/7384"}],"wp:attachment":[{"href":"https:\/\/kinofest.gr\/de\/wp-json\/wp\/v2\/media?parent=7381"}],"curies":[{"name":"wp","href":"https:\/\/api.w.org\/{rel}","templated":true}]}}