{"id":7324,"date":"2024-09-13T07:42:47","date_gmt":"2024-09-13T07:42:47","guid":{"rendered":"https:\/\/kinofest.gr\/?page_id=7324"},"modified":"2025-08-20T11:48:38","modified_gmt":"2025-08-20T11:48:38","slug":"5-kinofest-%ce%ba%cf%81%ce%b9%cf%84%ce%b9%ce%ba%ce%ae-%ce%b5%cf%80%ce%b9%cf%84%cf%81%ce%bf%cf%80%ce%ae","status":"publish","type":"page","link":"https:\/\/kinofest.gr\/de\/5-kinofest-%ce%ba%cf%81%ce%b9%cf%84%ce%b9%ce%ba%ce%ae-%ce%b5%cf%80%ce%b9%cf%84%cf%81%ce%bf%cf%80%ce%ae\/","title":{"rendered":"\u039a\u03c1\u03b9\u03c4\u03b9\u03ba\u03ae \u0395\u03c0\u03b9\u03c4\u03c1\u03bf\u03c0\u03ae | 5 KinoFest"},"content":{"rendered":"<div class=\"mkdf-row-grid-section-wrapper mkdf-content-aligment-center\"  ><div class=\"mkdf-row-grid-section\"><div class=\"vc_row wpb_row vc_row-fluid vc_custom_1526382544644\" ><div class=\"wpb_column vc_column_container vc_col-sm-12 vc_col-lg-offset-0 vc_col-lg-12\"><div class=\"vc_column-inner\"><div class=\"wpb_wrapper\">\n\t<div class=\"wpb_text_column wpb_content_element  kino2Title\" >\n\t\t<div class=\"wpb_wrapper\">\n\t\t\t<h2 style=\"text-align: left;\"><span style=\"font-size: 16px; color: #999999;\">5. KinoFest<\/span><\/h2>\n\n\t\t<\/div>\n\t<\/div>\n\n\t<div class=\"wpb_text_column wpb_content_element  kino2Title\" >\n\t\t<div class=\"wpb_wrapper\">\n\t\t\t<h2 style=\"text-align: left;\">Jury<\/h2>\n\n\t\t<\/div>\n\t<\/div>\n<div class=\"vc_empty_space\"   style=\"height: 84px\"><span class=\"vc_empty_space_inner\"><\/span><\/div><div class=\"mkdf-section-title-holder  mkdf-st-standard mkdf-st-title-left mkdf-st-normal-space\" style=\"text-align: left\">\n\t<div class=\"mkdf-st-inner\">\n\t\t\t\t\t<h2 class=\"mkdf-st-title\" >\n\t\t\t\tAnna Routsi\t\t\t<\/h2>\n\t\t\t\t\t<\/div>\n<\/div><div class=\"vc_empty_space\"   style=\"height: 32px\"><span class=\"vc_empty_space_inner\"><\/span><\/div><div class=\"vc_row wpb_row vc_inner vc_row-fluid\" ><div class=\"wpb_column vc_column_container vc_col-sm-3\"><div class=\"vc_column-inner\"><div class=\"wpb_wrapper\">\n\t<div  class=\"wpb_single_image wpb_content_element vc_align_left\">\n\t\t\n\t\t<figure class=\"wpb_wrapper vc_figure\">\n\t\t\t<div class=\"vc_single_image-wrapper   vc_box_border_grey\"><img loading=\"lazy\" decoding=\"async\" width=\"400\" height=\"600\" src=\"https:\/\/kinofest.gr\/wp-content\/uploads\/2024\/09\/Anna-Routsi-foto-1-min.jpg\" class=\"vc_single_image-img attachment-large\" alt=\"\" srcset=\"https:\/\/kinofest.gr\/wp-content\/uploads\/2024\/09\/Anna-Routsi-foto-1-min.jpg 400w, https:\/\/kinofest.gr\/wp-content\/uploads\/2024\/09\/Anna-Routsi-foto-1-min-200x300.jpg 200w, https:\/\/kinofest.gr\/wp-content\/uploads\/2024\/09\/Anna-Routsi-foto-1-min-8x12.jpg 8w\" sizes=\"auto, (max-width: 400px) 100vw, 400px\" \/><\/div>\n\t\t<\/figure>\n\t<\/div>\n<\/div><\/div><\/div><div class=\"wpb_column vc_column_container vc_col-sm-9\"><div class=\"vc_column-inner\"><div class=\"wpb_wrapper\">\n\t<div class=\"wpb_text_column wpb_content_element\" >\n\t\t<div class=\"wpb_wrapper\">\n\t\t\t<p>Anna Routsi studierte Rechtswissenschaften an der Universit\u00e4t Athen und der Universit\u00e4t Hannover und hat einen Master-Abschluss in Kulturmanagement und Medien von der Freien Universit\u00e4t Berlin. Seit 2003 arbeitet sie als wissenschaftliche Mitarbeiterin im Kinderrechtskreis des B\u00fcrgerbeauftragten, beteiligt sich an internationalen Projekten und Forschungen und koordiniert die Beratungsgruppe f\u00fcr Jugendliche des B\u00fcrgerbeauftragten. Gleichzeitig schreibt sie Artikel f\u00fcr Kulturplattformen und Zeitschriften wie monopoli.gr und ecogreennet.gr und arbeitet seit 1999 an der Recherche, dem Schreiben von Drehb\u00fcchern und dem Schnitt von TV- und Filmdokumentationen mit, wie z.B. \u201eWith Two Suitcases\u201c mit Unterst\u00fctzung der Deutschen Botschaft in Griechenland. Von 2017 bis 2021 arbeitete sie bei der Stadtverwaltung von Athen f\u00fcr die Planung und F\u00f6rderung von kulturellen Aktivit\u00e4ten und Veranstaltungen, wie der UNESCO World Book Capital 2018, und ist Gr\u00fcndungsmitglied des UNESCO World Book Capital Network. Von 1999 bis 2003 arbeitete sie im Bereich Werbung und Kommunikation f\u00fcr das Festival von Athen und Epidaurus. Von 1994 bis 1998 arbeitete sie mit Nichtregierungsorganisationen in Griechenland und Berlin (Arsis, Schlesische 27) an sozialen Wiedereingliederungsprojekten f\u00fcr junge Menschen.<\/p>\n\n\t\t<\/div>\n\t<\/div>\n<\/div><\/div><\/div><\/div><div class=\"vc_empty_space\"   style=\"height: 100px\"><span class=\"vc_empty_space_inner\"><\/span><\/div><div class=\"mkdf-section-title-holder  mkdf-st-standard mkdf-st-title-left mkdf-st-normal-space\" style=\"text-align: left\">\n\t<div class=\"mkdf-st-inner\">\n\t\t\t\t\t<h2 class=\"mkdf-st-title\" >\n\t\t\t\tProdromos Tsinikoris\t\t\t<\/h2>\n\t\t\t\t\t<\/div>\n<\/div><div class=\"vc_empty_space\"   style=\"height: 32px\"><span class=\"vc_empty_space_inner\"><\/span><\/div><div class=\"vc_row wpb_row vc_inner vc_row-fluid\" ><div class=\"wpb_column vc_column_container vc_col-sm-3\"><div class=\"vc_column-inner\"><div class=\"wpb_wrapper\">\n\t<div  class=\"wpb_single_image wpb_content_element vc_align_left\">\n\t\t\n\t\t<figure class=\"wpb_wrapper vc_figure\">\n\t\t\t<div class=\"vc_single_image-wrapper   vc_box_border_grey\"><img loading=\"lazy\" decoding=\"async\" width=\"400\" height=\"600\" src=\"https:\/\/kinofest.gr\/wp-content\/uploads\/2024\/09\/OnassisOpenair_Day_2Pinelopi_Gerasimou-for-Onassis-Stegi_High-33-min.jpg\" class=\"vc_single_image-img attachment-large\" alt=\"\" srcset=\"https:\/\/kinofest.gr\/wp-content\/uploads\/2024\/09\/OnassisOpenair_Day_2Pinelopi_Gerasimou-for-Onassis-Stegi_High-33-min.jpg 400w, https:\/\/kinofest.gr\/wp-content\/uploads\/2024\/09\/OnassisOpenair_Day_2Pinelopi_Gerasimou-for-Onassis-Stegi_High-33-min-200x300.jpg 200w, https:\/\/kinofest.gr\/wp-content\/uploads\/2024\/09\/OnassisOpenair_Day_2Pinelopi_Gerasimou-for-Onassis-Stegi_High-33-min-8x12.jpg 8w\" sizes=\"auto, (max-width: 400px) 100vw, 400px\" \/><\/div>\n\t\t<\/figure>\n\t<\/div>\n<\/div><\/div><\/div><div class=\"wpb_column vc_column_container vc_col-sm-9\"><div class=\"vc_column-inner\"><div class=\"wpb_wrapper\">\n\t<div class=\"wpb_text_column wpb_content_element\" >\n\t\t<div class=\"wpb_wrapper\">\n\t\t\t<p>Prodromos Tsinikoris arbeitet als Regisseur, Dramaturg und Schauspieler. Er wurde 1981 in Wuppertal als Sohn griechischer Einwanderer geboren und zog 1999 nach Thessaloniki, wo er sein Studium an der Theaterabteilung der Aristoteles-Universit\u00e4t Thessaloniki abschloss. 3 Jahre lang war er Schauspieler der \u201eExperimental Stage of Art\u201c.<br \/>\nIm Mai 2008 wurde er zum Internationalen Forum des Theatertreffens in Berlin eingeladen. Im Jahr 2009 zog er nach Athen, wo er als Schauspieler mit Dimitr Gotseff (Perser - Nationaltheater) und als Regieassistent und Rechercheur mit Rimini Protokoll (Prometheus in Athen - Athen Festival) arbeitete.<br \/>\nZusammen mit Anestis Azas schrieb und inszenierte er die folgenden Auff\u00fchrungen, die dem Genre des Dokumentarfilms zuzuordnen sind:  Journey by Train, Epidaurus - a documentary, Telemachus: should I stay or should I go?, Utopia in progress, Geblieben um zu gehen, Clean City, Hellas M\u00fcnchen, Trashland und zuletzt Romaland f\u00fcr das Onassis Cultural Centre.<br \/>\nF\u00fcr das Athens &amp; Epidaurus Festival inszenierte er 2015 einen Audiowalk im Zentrum Athens mit obdachlosen B\u00fcrgern unter dem Titel In the middle of the street und 2021 (Somewhere) beyond the cherry trees, eine postdokumentarische Performance nach Tschechows Kirschgarten.<br \/>\n2024 schrieb und inszenierte er sein erstes St\u00fcck f\u00fcr das Staatstheater von Nordgriechenland mit dem Titel 96% \u00fcber die Vertreibung der j\u00fcdischen Bev\u00f6lkerung aus Thessaloniki und die Pl\u00fcnderung ihres Eigentums durch die lokale Gemeinschaft.<br \/>\nIm Mai 2015 war er Mitglied des dramaturgischen Teams und Rechercheur f\u00fcr X APARTMENTS, das in Wohnungen von Athener B\u00fcrgern stattfand. Als Dramaturg arbeitete er auch mit Lola Arias, Encyclopedie de la parole, Paul Preciado im Rahmen der \u201eExercises of freedom\u201c f\u00fcr die Documenta 14 und George Valais zusammen.<br \/>\nWerke von Anestis Azas und Prodromos Tsinikoris wurden in mehr als 70 internationalen Theatern und Festivals gezeigt, wie Chantiers d' Europe - The\u00e2tre de la Ville Paris, Maxim Gorki Berlin, The\u00e2tre Vidy Lausanne, The\u00e2tre Le Maillon Strasbourg, Theaterspektakel Z\u00fcrich, Festival Grec Barcelona, Lessing Tage Hamburg, Theater der Welt 2014 (Mannheim), etc.<br \/>\nSeit Oktober 2015 und 4 Jahre lang war er zusammen mit Anestis Azas k\u00fcnstlerischer Leiter der Experimentalb\u00fchne -1 des Nationaltheaters.<br \/>\nSeit 2020 ist er Mitglied des k\u00fcnstlerischen Komitees des Internationalen Waldfestivals, das vom Nationaltheater Nordgriechenlands organisiert wird.<\/p>\n\n\t\t<\/div>\n\t<\/div>\n<\/div><\/div><\/div><\/div><div class=\"vc_empty_space\"   style=\"height: 100px\"><span class=\"vc_empty_space_inner\"><\/span><\/div><div class=\"mkdf-section-title-holder  mkdf-st-standard mkdf-st-title-left mkdf-st-normal-space\" style=\"text-align: left\">\n\t<div class=\"mkdf-st-inner\">\n\t\t\t\t\t<h2 class=\"mkdf-st-title\" >\n\t\t\t\tAlexia Besiki\t\t\t<\/h2>\n\t\t\t\t\t<\/div>\n<\/div><div class=\"vc_empty_space\"   style=\"height: 32px\"><span class=\"vc_empty_space_inner\"><\/span><\/div><div class=\"vc_row wpb_row vc_inner vc_row-fluid\" ><div class=\"wpb_column vc_column_container vc_col-sm-3\"><div class=\"vc_column-inner\"><div class=\"wpb_wrapper\">\n\t<div  class=\"wpb_single_image wpb_content_element vc_align_left\">\n\t\t\n\t\t<figure class=\"wpb_wrapper vc_figure\">\n\t\t\t<div class=\"vc_single_image-wrapper   vc_box_border_grey\"><img loading=\"lazy\" decoding=\"async\" width=\"600\" height=\"600\" src=\"https:\/\/kinofest.gr\/wp-content\/uploads\/2024\/09\/14589745_10153972180118059_7501667866047200156_o-1.jpg\" class=\"vc_single_image-img attachment-large\" alt=\"\" srcset=\"https:\/\/kinofest.gr\/wp-content\/uploads\/2024\/09\/14589745_10153972180118059_7501667866047200156_o-1.jpg 600w, https:\/\/kinofest.gr\/wp-content\/uploads\/2024\/09\/14589745_10153972180118059_7501667866047200156_o-1-300x300.jpg 300w, https:\/\/kinofest.gr\/wp-content\/uploads\/2024\/09\/14589745_10153972180118059_7501667866047200156_o-1-150x150.jpg 150w, https:\/\/kinofest.gr\/wp-content\/uploads\/2024\/09\/14589745_10153972180118059_7501667866047200156_o-1-12x12.jpg 12w, https:\/\/kinofest.gr\/wp-content\/uploads\/2024\/09\/14589745_10153972180118059_7501667866047200156_o-1-550x550.jpg 550w\" sizes=\"auto, (max-width: 600px) 100vw, 600px\" \/><\/div>\n\t\t<\/figure>\n\t<\/div>\n<\/div><\/div><\/div><div class=\"wpb_column vc_column_container vc_col-sm-9\"><div class=\"vc_column-inner\"><div class=\"wpb_wrapper\">\n\t<div class=\"wpb_text_column wpb_content_element\" >\n\t\t<div class=\"wpb_wrapper\">\n\t\t\t<p>Geboren 1981 in Thessaloniki. Sie schloss 2004 ihr Studium an der Fakult\u00e4t f\u00fcr Theater der Hochschule der Sch\u00f6nen K\u00fcnste der Aristoteles-Universit\u00e4t Thessaloniki (Richtung Schauspiel) ab. 2004 bis 2006 absolvierte sie ein Aufbaustudium in zeitgen\u00f6ssischem Tanz und physischem Theater in Bern, Schweiz.<br \/>\nSie ist Mitglied der Sforaris Theatre Company und Gr\u00fcndungsmitglied der Default Kompanie.<br \/>\nSie hat als Schauspielerin, Choreografin und Regieassistentin mit vielen Regisseuren zusammengearbeitet.<br \/>\nMit der Kompanie Default f\u00fchrte sie Regie bei Auff\u00fchrungen f\u00fcr Kinder im Theater Porta und im State House of Arts and Letters.<br \/>\nSie spielte die Hauptrolle in dem Spielfilm ''Dolls of Dresden'' (Regie: Alexis Tsafas, 2023) und in dem Kurzfilm ''One day we will dance with you'' (Kate Adams, 2021).<br \/>\nGemeinsam mit Alexis Tsafas hat sie das Drehbuch f\u00fcr den Spielfilm \u201eDolls of Dresden\u201c verfasst.<br \/>\nSie hat Theaterworkshops f\u00fcr Fl\u00fcchtlinge, Migranten und unbegleitete Kinder geleitet.<br \/>\nAls Theaterp\u00e4dagogin arbeitet sie seit 2016 in den Charisma-Trainingsprogrammen von Danae Deligeorge, seit 2018 bei F, Zentrum f\u00fcr Intelligenzentwicklung und von 2016 bis 2018 in der Hellenischen Mensa. Im Juni 2018 veranstaltete sie in Zusammenarbeit mit Danae Deligeorgis das erste Sommercamp f\u00fcr Selbstverbesserung und sozial-emotionale Entwicklung f\u00fcr Jugendliche an der Hellenic-Germanic Education und im August 2017 das erste Charisma-Camp bei den Camps von H.A.N.Th (YMCA).<\/p>\n\n\t\t<\/div>\n\t<\/div>\n<\/div><\/div><\/div><\/div><\/div><\/div><\/div><\/div><\/div><\/div><div class=\"vc_row wpb_row vc_row-fluid\" ><div class=\"wpb_column vc_column_container vc_col-sm-12\"><div class=\"vc_column-inner\"><div class=\"wpb_wrapper\"><div class=\"vc_empty_space\"   style=\"height: 232px\"><span class=\"vc_empty_space_inner\"><\/span><\/div><\/div><\/div><\/div><\/div>","protected":false},"excerpt":{"rendered":"5\u03bf KinoFest \u039a\u03c1\u03b9\u03c4\u03b9\u03ba\u03ae \u0395\u03c0\u03b9\u03c4\u03c1\u03bf\u03c0\u03ae \u0386\u03bd\u03bd\u03b1 \u03a1\u03bf\u03cd\u03c4\u03c3\u03b7 \u0397 \u0386\u03bd\u03bd\u03b1 \u03a1\u03bf\u03cd\u03c4\u03c3\u03b7 \u03c3\u03c0\u03bf\u03cd\u03b4\u03b1\u03c3\u03b5 \u039d\u03bf\u03bc\u03b9\u03ba\u03ae \u03c3\u03c4\u03bf \u03a0\u03b1\u03bd\u03b5\u03c0\u03b9\u03c3\u03c4\u03ae\u03bc\u03b9\u03bf \u0391\u03b8\u03b7\u03bd\u03ce\u03bd \u03ba\u03b1\u03b9 \u0391\u03bd\u03bd\u03bf\u03b2\u03ad\u03c1\u03bf\u03c5 \u03ba\u03b1\u03b9 \u03ad\u03c7\u03b5\u03b9 \u03bc\u03b5\u03c4\u03b1\u03c0\u03c4\u03c5\u03c7\u03b9\u03b1\u03ba\u03cc \u03b4\u03af\u03c0\u03bb\u03c9\u03bc\u03b1 \u03c3\u03c4\u03b7\u03bd \u03a0\u03bf\u03bb\u03b9\u03c4\u03b9\u03c3\u03c4\u03b9\u03ba\u03ae \u0394\u03b9\u03b1\u03c7\u03b5\u03af\u03c1\u03b9\u03c3\u03b7 \u03ba\u03b1\u03b9 \u039c\u039c\u0395 \u03b1\u03c0\u03cc \u03c4\u03bf Freie Universitaet \u03c4\u03bf\u03c5 [...]","protected":false},"author":4,"featured_media":0,"parent":0,"menu_order":0,"comment_status":"closed","ping_status":"closed","template":"","meta":{"footnotes":""},"class_list":["post-7324","page","type-page","status-publish","hentry"],"yoast_head":"<!-- This site is optimized with the Yoast SEO plugin v26.9 - https:\/\/yoast.com\/product\/yoast-seo-wordpress\/ -->\n<title>\u039a\u03c1\u03b9\u03c4\u03b9\u03ba\u03ae \u0395\u03c0\u03b9\u03c4\u03c1\u03bf\u03c0\u03ae | 5 KinoFest - KinoFest<\/title>\n<meta name=\"robots\" content=\"index, follow, max-snippet:-1, max-image-preview:large, max-video-preview:-1\" \/>\n<link rel=\"canonical\" href=\"https:\/\/kinofest.gr\/de\/5-kinofest-\u03ba\u03c1\u03b9\u03c4\u03b9\u03ba\u03ae-\u03b5\u03c0\u03b9\u03c4\u03c1\u03bf\u03c0\u03ae\/\" \/>\n<meta property=\"og:locale\" content=\"de_DE\" \/>\n<meta property=\"og:type\" content=\"article\" \/>\n<meta property=\"og:title\" content=\"\u039a\u03c1\u03b9\u03c4\u03b9\u03ba\u03ae \u0395\u03c0\u03b9\u03c4\u03c1\u03bf\u03c0\u03ae | 5 KinoFest - KinoFest\" \/>\n<meta property=\"og:url\" content=\"https:\/\/kinofest.gr\/de\/5-kinofest-\u03ba\u03c1\u03b9\u03c4\u03b9\u03ba\u03ae-\u03b5\u03c0\u03b9\u03c4\u03c1\u03bf\u03c0\u03ae\/\" \/>\n<meta property=\"og:site_name\" content=\"KinoFest\" \/>\n<meta property=\"article:publisher\" content=\"https:\/\/www.facebook.com\/kinofest.gr\/\" \/>\n<meta property=\"article:modified_time\" content=\"2025-08-20T11:48:38+00:00\" \/>\n<meta name=\"twitter:card\" content=\"summary_large_image\" \/>\n<meta name=\"twitter:label1\" content=\"Gesch\u00e4tzte Lesezeit\" \/>\n\t<meta name=\"twitter:data1\" content=\"5\u00a0Minuten\" \/>\n<script type=\"application\/ld+json\" class=\"yoast-schema-graph\">{\"@context\":\"https:\/\/schema.org\",\"@graph\":[{\"@type\":\"WebPage\",\"@id\":\"https:\/\/kinofest.gr\/5-kinofest-%ce%ba%cf%81%ce%b9%cf%84%ce%b9%ce%ba%ce%ae-%ce%b5%cf%80%ce%b9%cf%84%cf%81%ce%bf%cf%80%ce%ae\/\",\"url\":\"https:\/\/kinofest.gr\/5-kinofest-%ce%ba%cf%81%ce%b9%cf%84%ce%b9%ce%ba%ce%ae-%ce%b5%cf%80%ce%b9%cf%84%cf%81%ce%bf%cf%80%ce%ae\/\",\"name\":\"\u039a\u03c1\u03b9\u03c4\u03b9\u03ba\u03ae \u0395\u03c0\u03b9\u03c4\u03c1\u03bf\u03c0\u03ae | 5 KinoFest - KinoFest\",\"isPartOf\":{\"@id\":\"https:\/\/kinofest.gr\/el\/#website\"},\"datePublished\":\"2024-09-13T07:42:47+00:00\",\"dateModified\":\"2025-08-20T11:48:38+00:00\",\"breadcrumb\":{\"@id\":\"https:\/\/kinofest.gr\/5-kinofest-%ce%ba%cf%81%ce%b9%cf%84%ce%b9%ce%ba%ce%ae-%ce%b5%cf%80%ce%b9%cf%84%cf%81%ce%bf%cf%80%ce%ae\/#breadcrumb\"},\"inLanguage\":\"de\",\"potentialAction\":[{\"@type\":\"ReadAction\",\"target\":[\"https:\/\/kinofest.gr\/5-kinofest-%ce%ba%cf%81%ce%b9%cf%84%ce%b9%ce%ba%ce%ae-%ce%b5%cf%80%ce%b9%cf%84%cf%81%ce%bf%cf%80%ce%ae\/\"]}]},{\"@type\":\"BreadcrumbList\",\"@id\":\"https:\/\/kinofest.gr\/5-kinofest-%ce%ba%cf%81%ce%b9%cf%84%ce%b9%ce%ba%ce%ae-%ce%b5%cf%80%ce%b9%cf%84%cf%81%ce%bf%cf%80%ce%ae\/#breadcrumb\",\"itemListElement\":[{\"@type\":\"ListItem\",\"position\":1,\"name\":\"\u0391\u03c1\u03c7\u03b9\u03ba\u03ae\",\"item\":\"https:\/\/kinofest.gr\/\"},{\"@type\":\"ListItem\",\"position\":2,\"name\":\"\u039a\u03c1\u03b9\u03c4\u03b9\u03ba\u03ae \u0395\u03c0\u03b9\u03c4\u03c1\u03bf\u03c0\u03ae | 5 KinoFest\"}]},{\"@type\":\"WebSite\",\"@id\":\"https:\/\/kinofest.gr\/el\/#website\",\"url\":\"https:\/\/kinofest.gr\/el\/\",\"name\":\"KinoFest\",\"description\":\"KinoFest\",\"publisher\":{\"@id\":\"https:\/\/kinofest.gr\/el\/#organization\"},\"potentialAction\":[{\"@type\":\"SearchAction\",\"target\":{\"@type\":\"EntryPoint\",\"urlTemplate\":\"https:\/\/kinofest.gr\/el\/?s={search_term_string}\"},\"query-input\":{\"@type\":\"PropertyValueSpecification\",\"valueRequired\":true,\"valueName\":\"search_term_string\"}}],\"inLanguage\":\"de\"},{\"@type\":\"Organization\",\"@id\":\"https:\/\/kinofest.gr\/el\/#organization\",\"name\":\"KinoFest\",\"url\":\"https:\/\/kinofest.gr\/el\/\",\"logo\":{\"@type\":\"ImageObject\",\"inLanguage\":\"de\",\"@id\":\"https:\/\/kinofest.gr\/el\/#\/schema\/logo\/image\/\",\"url\":\"https:\/\/kinofest.gr\/wp-content\/uploads\/2022\/09\/Logo_Color-min-1.jpg\",\"contentUrl\":\"https:\/\/kinofest.gr\/wp-content\/uploads\/2022\/09\/Logo_Color-min-1.jpg\",\"width\":283,\"height\":358,\"caption\":\"KinoFest\"},\"image\":{\"@id\":\"https:\/\/kinofest.gr\/el\/#\/schema\/logo\/image\/\"},\"sameAs\":[\"https:\/\/www.facebook.com\/kinofest.gr\/\",\"https:\/\/www.instagram.com\/kinofest.gr\/\"]}]}<\/script>\n<!-- \/ Yoast SEO plugin. -->","yoast_head_json":{"title":"\u039a\u03c1\u03b9\u03c4\u03b9\u03ba\u03ae \u0395\u03c0\u03b9\u03c4\u03c1\u03bf\u03c0\u03ae | 5 KinoFest - KinoFest","robots":{"index":"index","follow":"follow","max-snippet":"max-snippet:-1","max-image-preview":"max-image-preview:large","max-video-preview":"max-video-preview:-1"},"canonical":"https:\/\/kinofest.gr\/de\/5-kinofest-\u03ba\u03c1\u03b9\u03c4\u03b9\u03ba\u03ae-\u03b5\u03c0\u03b9\u03c4\u03c1\u03bf\u03c0\u03ae\/","og_locale":"de_DE","og_type":"article","og_title":"\u039a\u03c1\u03b9\u03c4\u03b9\u03ba\u03ae \u0395\u03c0\u03b9\u03c4\u03c1\u03bf\u03c0\u03ae | 5 KinoFest - KinoFest","og_url":"https:\/\/kinofest.gr\/de\/5-kinofest-\u03ba\u03c1\u03b9\u03c4\u03b9\u03ba\u03ae-\u03b5\u03c0\u03b9\u03c4\u03c1\u03bf\u03c0\u03ae\/","og_site_name":"KinoFest","article_publisher":"https:\/\/www.facebook.com\/kinofest.gr\/","article_modified_time":"2025-08-20T11:48:38+00:00","twitter_card":"summary_large_image","twitter_misc":{"Gesch\u00e4tzte Lesezeit":"5\u00a0Minuten"},"schema":{"@context":"https:\/\/schema.org","@graph":[{"@type":"WebPage","@id":"https:\/\/kinofest.gr\/5-kinofest-%ce%ba%cf%81%ce%b9%cf%84%ce%b9%ce%ba%ce%ae-%ce%b5%cf%80%ce%b9%cf%84%cf%81%ce%bf%cf%80%ce%ae\/","url":"https:\/\/kinofest.gr\/5-kinofest-%ce%ba%cf%81%ce%b9%cf%84%ce%b9%ce%ba%ce%ae-%ce%b5%cf%80%ce%b9%cf%84%cf%81%ce%bf%cf%80%ce%ae\/","name":"\u039a\u03c1\u03b9\u03c4\u03b9\u03ba\u03ae \u0395\u03c0\u03b9\u03c4\u03c1\u03bf\u03c0\u03ae | 5 KinoFest - KinoFest","isPartOf":{"@id":"https:\/\/kinofest.gr\/el\/#website"},"datePublished":"2024-09-13T07:42:47+00:00","dateModified":"2025-08-20T11:48:38+00:00","breadcrumb":{"@id":"https:\/\/kinofest.gr\/5-kinofest-%ce%ba%cf%81%ce%b9%cf%84%ce%b9%ce%ba%ce%ae-%ce%b5%cf%80%ce%b9%cf%84%cf%81%ce%bf%cf%80%ce%ae\/#breadcrumb"},"inLanguage":"de","potentialAction":[{"@type":"ReadAction","target":["https:\/\/kinofest.gr\/5-kinofest-%ce%ba%cf%81%ce%b9%cf%84%ce%b9%ce%ba%ce%ae-%ce%b5%cf%80%ce%b9%cf%84%cf%81%ce%bf%cf%80%ce%ae\/"]}]},{"@type":"BreadcrumbList","@id":"https:\/\/kinofest.gr\/5-kinofest-%ce%ba%cf%81%ce%b9%cf%84%ce%b9%ce%ba%ce%ae-%ce%b5%cf%80%ce%b9%cf%84%cf%81%ce%bf%cf%80%ce%ae\/#breadcrumb","itemListElement":[{"@type":"ListItem","position":1,"name":"\u0391\u03c1\u03c7\u03b9\u03ba\u03ae","item":"https:\/\/kinofest.gr\/"},{"@type":"ListItem","position":2,"name":"\u039a\u03c1\u03b9\u03c4\u03b9\u03ba\u03ae \u0395\u03c0\u03b9\u03c4\u03c1\u03bf\u03c0\u03ae | 5 KinoFest"}]},{"@type":"WebSite","@id":"https:\/\/kinofest.gr\/el\/#website","url":"https:\/\/kinofest.gr\/el\/","name":"KinoFest","description":"KinoFest","publisher":{"@id":"https:\/\/kinofest.gr\/el\/#organization"},"potentialAction":[{"@type":"SearchAction","target":{"@type":"EntryPoint","urlTemplate":"https:\/\/kinofest.gr\/el\/?s={search_term_string}"},"query-input":{"@type":"PropertyValueSpecification","valueRequired":true,"valueName":"search_term_string"}}],"inLanguage":"de"},{"@type":"Organization","@id":"https:\/\/kinofest.gr\/el\/#organization","name":"KinoFest","url":"https:\/\/kinofest.gr\/el\/","logo":{"@type":"ImageObject","inLanguage":"de","@id":"https:\/\/kinofest.gr\/el\/#\/schema\/logo\/image\/","url":"https:\/\/kinofest.gr\/wp-content\/uploads\/2022\/09\/Logo_Color-min-1.jpg","contentUrl":"https:\/\/kinofest.gr\/wp-content\/uploads\/2022\/09\/Logo_Color-min-1.jpg","width":283,"height":358,"caption":"KinoFest"},"image":{"@id":"https:\/\/kinofest.gr\/el\/#\/schema\/logo\/image\/"},"sameAs":["https:\/\/www.facebook.com\/kinofest.gr\/","https:\/\/www.instagram.com\/kinofest.gr\/"]}]}},"_links":{"self":[{"href":"https:\/\/kinofest.gr\/de\/wp-json\/wp\/v2\/pages\/7324","targetHints":{"allow":["GET"]}}],"collection":[{"href":"https:\/\/kinofest.gr\/de\/wp-json\/wp\/v2\/pages"}],"about":[{"href":"https:\/\/kinofest.gr\/de\/wp-json\/wp\/v2\/types\/page"}],"author":[{"embeddable":true,"href":"https:\/\/kinofest.gr\/de\/wp-json\/wp\/v2\/users\/4"}],"replies":[{"embeddable":true,"href":"https:\/\/kinofest.gr\/de\/wp-json\/wp\/v2\/comments?post=7324"}],"version-history":[{"count":12,"href":"https:\/\/kinofest.gr\/de\/wp-json\/wp\/v2\/pages\/7324\/revisions"}],"predecessor-version":[{"id":7548,"href":"https:\/\/kinofest.gr\/de\/wp-json\/wp\/v2\/pages\/7324\/revisions\/7548"}],"wp:attachment":[{"href":"https:\/\/kinofest.gr\/de\/wp-json\/wp\/v2\/media?parent=7324"}],"curies":[{"name":"wp","href":"https:\/\/api.w.org\/{rel}","templated":true}]}}